{"id":1470,"date":"2026-02-06T18:30:06","date_gmt":"2026-02-06T15:30:06","guid":{"rendered":"https:\/\/www.sefaparlaktoptan.com.tr\/?post_type=product&#038;p=1470"},"modified":"2026-02-11T15:53:50","modified_gmt":"2026-02-11T12:53:50","slug":"izoly-g102-6d-usb-rgb-led-2400-dpi-gaming-mouse","status":"publish","type":"product","link":"https:\/\/www.sefaparlaktoptan.com.tr\/index.php\/product\/izoly-g102-6d-usb-rgb-led-2400-dpi-gaming-mouse\/","title":{"rendered":"\u0130ZOLY G102 6D USB RGB LED  2400 DP\u0130 GAM\u0130NG MOUSE"},"content":{"rendered":"<p>2400 DP\u0130 GAM\u0130NG MOUSE<\/p>\n","protected":false},"excerpt":{"rendered":"<p><img loading=\"lazy\" decoding=\"async\" class=\"alignnone size-medium wp-image-1473\" src=\"http:\/\/www.sefaparlaktoptan.com.tr\/wp-content\/uploads\/2026\/02\/izoly-g102-6d-usb-aydinlatmali-oyuncu-mouse-24183-300x300.jpg\" alt=\"\" width=\"300\" height=\"300\" srcset=\"https:\/\/www.sefaparlaktoptan.com.tr\/wp-content\/uploads\/2026\/02\/izoly-g102-6d-usb-aydinlatmali-oyuncu-mouse-24183-300x300.jpg 300w, https:\/\/www.sefaparlaktoptan.com.tr\/wp-content\/uploads\/2026\/02\/izoly-g102-6d-usb-aydinlatmali-oyuncu-mouse-24183-150x150.jpg 150w, https:\/\/www.sefaparlaktoptan.com.tr\/wp-content\/uploads\/2026\/02\/izoly-g102-6d-usb-aydinlatmali-oyuncu-mouse-24183-768x768.jpg 768w, https:\/\/www.sefaparlaktoptan.com.tr\/wp-content\/uploads\/2026\/02\/izoly-g102-6d-usb-aydinlatmali-oyuncu-mouse-24183-600x600.jpg 600w, https:\/\/www.sefaparlaktoptan.com.tr\/wp-content\/uploads\/2026\/02\/izoly-g102-6d-usb-aydinlatmali-oyuncu-mouse-24183-100x100.jpg 100w, https:\/\/www.sefaparlaktoptan.com.tr\/wp-content\/uploads\/2026\/02\/izoly-g102-6d-usb-aydinlatmali-oyuncu-mouse-24183.jpg 1024w\" sizes=\"auto, (max-width: 300px) 100vw, 300px\" \/><\/p>\n","protected":false},"featured_media":1473,"comment_status":"open","ping_status":"closed","template":"","meta":[],"product_brand":[],"product_cat":[79,88,89,93],"product_tag":[],"class_list":{"0":"post-1470","1":"product","2":"type-product","3":"status-publish","4":"has-post-thumbnail","6":"product_cat-adaptor-ve-guc-kaynaklari","7":"product_cat-bilgisayar-cevre-birimleri","8":"product_cat-klavye-ve-mouse","9":"product_cat-tum-urunler","11":"first","12":"instock","13":"taxable","14":"shipping-taxable","15":"purchasable","16":"product-type-simple"},"jetpack_sharing_enabled":true,"_links":{"self":[{"href":"https:\/\/www.sefaparlaktoptan.com.tr\/index.php\/wp-json\/wp\/v2\/product\/1470","targetHints":{"allow":["GET"]}}],"collection":[{"href":"https:\/\/www.sefaparlaktoptan.com.tr\/index.php\/wp-json\/wp\/v2\/product"}],"about":[{"href":"https:\/\/www.sefaparlaktoptan.com.tr\/index.php\/wp-json\/wp\/v2\/types\/product"}],"replies":[{"embeddable":true,"href":"https:\/\/www.sefaparlaktoptan.com.tr\/index.php\/wp-json\/wp\/v2\/comments?post=1470"}],"wp:featuredmedia":[{"embeddable":true,"href":"https:\/\/www.sefaparlaktoptan.com.tr\/index.php\/wp-json\/wp\/v2\/media\/1473"}],"wp:attachment":[{"href":"https:\/\/www.sefaparlaktoptan.com.tr\/index.php\/wp-json\/wp\/v2\/media?parent=1470"}],"wp:term":[{"taxonomy":"product_brand","embeddable":true,"href":"https:\/\/www.sefaparlaktoptan.com.tr\/index.php\/wp-json\/wp\/v2\/product_brand?post=1470"},{"taxonomy":"product_cat","embeddable":true,"href":"https:\/\/www.sefaparlaktoptan.com.tr\/index.php\/wp-json\/wp\/v2\/product_cat?post=1470"},{"taxonomy":"product_tag","embeddable":true,"href":"https:\/\/www.sefaparlaktoptan.com.tr\/index.php\/wp-json\/wp\/v2\/product_tag?post=1470"}],"curies":[{"name":"wp","href":"https:\/\/api.w.org\/{rel}","templated":true}]}}