{"id":1534,"date":"2026-02-06T22:40:00","date_gmt":"2026-02-06T19:40:00","guid":{"rendered":"https:\/\/www.sefaparlaktoptan.com.tr\/?post_type=product&#038;p=1534"},"modified":"2026-04-16T15:57:43","modified_gmt":"2026-04-16T12:57:43","slug":"dvi-to-vga-241-cevirici-aparat","status":"publish","type":"product","link":"https:\/\/www.sefaparlaktoptan.com.tr\/index.php\/product\/dvi-to-vga-241-cevirici-aparat\/","title":{"rendered":"DVI TO VGA 24+1 \u00c7EV\u0130R\u0130C\u0130 APARAT"},"content":{"rendered":"","protected":false},"excerpt":{"rendered":"","protected":false},"featured_media":1535,"comment_status":"open","ping_status":"closed","template":"","meta":[],"product_brand":[],"product_cat":[99,93],"product_tag":[],"class_list":{"0":"post-1534","1":"product","2":"type-product","3":"status-publish","4":"has-post-thumbnail","6":"product_cat-kablolar-ve-donusturucler","7":"product_cat-tum-urunler","9":"first","10":"instock","11":"sale","12":"taxable","13":"shipping-taxable","14":"purchasable","15":"product-type-simple"},"jetpack_sharing_enabled":true,"_links":{"self":[{"href":"https:\/\/www.sefaparlaktoptan.com.tr\/index.php\/wp-json\/wp\/v2\/product\/1534","targetHints":{"allow":["GET"]}}],"collection":[{"href":"https:\/\/www.sefaparlaktoptan.com.tr\/index.php\/wp-json\/wp\/v2\/product"}],"about":[{"href":"https:\/\/www.sefaparlaktoptan.com.tr\/index.php\/wp-json\/wp\/v2\/types\/product"}],"replies":[{"embeddable":true,"href":"https:\/\/www.sefaparlaktoptan.com.tr\/index.php\/wp-json\/wp\/v2\/comments?post=1534"}],"wp:featuredmedia":[{"embeddable":true,"href":"https:\/\/www.sefaparlaktoptan.com.tr\/index.php\/wp-json\/wp\/v2\/media\/1535"}],"wp:attachment":[{"href":"https:\/\/www.sefaparlaktoptan.com.tr\/index.php\/wp-json\/wp\/v2\/media?parent=1534"}],"wp:term":[{"taxonomy":"product_brand","embeddable":true,"href":"https:\/\/www.sefaparlaktoptan.com.tr\/index.php\/wp-json\/wp\/v2\/product_brand?post=1534"},{"taxonomy":"product_cat","embeddable":true,"href":"https:\/\/www.sefaparlaktoptan.com.tr\/index.php\/wp-json\/wp\/v2\/product_cat?post=1534"},{"taxonomy":"product_tag","embeddable":true,"href":"https:\/\/www.sefaparlaktoptan.com.tr\/index.php\/wp-json\/wp\/v2\/product_tag?post=1534"}],"curies":[{"name":"wp","href":"https:\/\/api.w.org\/{rel}","templated":true}]}}