{"id":1542,"date":"2026-02-06T22:47:30","date_gmt":"2026-02-06T19:47:30","guid":{"rendered":"https:\/\/www.sefaparlaktoptan.com.tr\/?post_type=product&#038;p=1542"},"modified":"2026-04-16T15:49:06","modified_gmt":"2026-04-16T12:49:06","slug":"hdmi-to-vga-cevirici-sesli","status":"publish","type":"product","link":"https:\/\/www.sefaparlaktoptan.com.tr\/index.php\/product\/hdmi-to-vga-cevirici-sesli\/","title":{"rendered":"HDMI TO VGA \u00c7EV\u0130R\u0130C\u0130 SESL\u0130"},"content":{"rendered":"","protected":false},"excerpt":{"rendered":"","protected":false},"featured_media":1543,"comment_status":"open","ping_status":"closed","template":"","meta":[],"product_brand":[],"product_cat":[99,93],"product_tag":[],"class_list":{"0":"post-1542","1":"product","2":"type-product","3":"status-publish","4":"has-post-thumbnail","6":"product_cat-kablolar-ve-donusturucler","7":"product_cat-tum-urunler","9":"first","10":"instock","11":"taxable","12":"shipping-taxable","13":"purchasable","14":"product-type-simple"},"jetpack_sharing_enabled":true,"_links":{"self":[{"href":"https:\/\/www.sefaparlaktoptan.com.tr\/index.php\/wp-json\/wp\/v2\/product\/1542","targetHints":{"allow":["GET"]}}],"collection":[{"href":"https:\/\/www.sefaparlaktoptan.com.tr\/index.php\/wp-json\/wp\/v2\/product"}],"about":[{"href":"https:\/\/www.sefaparlaktoptan.com.tr\/index.php\/wp-json\/wp\/v2\/types\/product"}],"replies":[{"embeddable":true,"href":"https:\/\/www.sefaparlaktoptan.com.tr\/index.php\/wp-json\/wp\/v2\/comments?post=1542"}],"wp:featuredmedia":[{"embeddable":true,"href":"https:\/\/www.sefaparlaktoptan.com.tr\/index.php\/wp-json\/wp\/v2\/media\/1543"}],"wp:attachment":[{"href":"https:\/\/www.sefaparlaktoptan.com.tr\/index.php\/wp-json\/wp\/v2\/media?parent=1542"}],"wp:term":[{"taxonomy":"product_brand","embeddable":true,"href":"https:\/\/www.sefaparlaktoptan.com.tr\/index.php\/wp-json\/wp\/v2\/product_brand?post=1542"},{"taxonomy":"product_cat","embeddable":true,"href":"https:\/\/www.sefaparlaktoptan.com.tr\/index.php\/wp-json\/wp\/v2\/product_cat?post=1542"},{"taxonomy":"product_tag","embeddable":true,"href":"https:\/\/www.sefaparlaktoptan.com.tr\/index.php\/wp-json\/wp\/v2\/product_tag?post=1542"}],"curies":[{"name":"wp","href":"https:\/\/api.w.org\/{rel}","templated":true}]}}