{"id":1675,"date":"2026-02-07T12:48:53","date_gmt":"2026-02-07T09:48:53","guid":{"rendered":"https:\/\/www.sefaparlaktoptan.com.tr\/?post_type=product&#038;p=1675"},"modified":"2026-04-16T15:37:22","modified_gmt":"2026-04-16T12:37:22","slug":"sf8833-12v-3a-36w-monitor-adaptoru-6-5x4-4mm","status":"publish","type":"product","link":"https:\/\/www.sefaparlaktoptan.com.tr\/index.php\/product\/sf8833-12v-3a-36w-monitor-adaptoru-6-5x4-4mm\/","title":{"rendered":"SF8833 12V 3A 36W Monit\u00f6r Adapt\u00f6r\u00fc &#8211; 6.5&#215;4.4mm"},"content":{"rendered":"","protected":false},"excerpt":{"rendered":"","protected":false},"featured_media":1676,"comment_status":"open","ping_status":"closed","template":"","meta":[],"product_brand":[],"product_cat":[99,87,93],"product_tag":[],"class_list":{"0":"post-1675","1":"product","2":"type-product","3":"status-publish","4":"has-post-thumbnail","6":"product_cat-kablolar-ve-donusturucler","7":"product_cat-notebook-adaptor","8":"product_cat-tum-urunler","10":"first","11":"instock","12":"taxable","13":"shipping-taxable","14":"purchasable","15":"product-type-simple"},"jetpack_sharing_enabled":true,"_links":{"self":[{"href":"https:\/\/www.sefaparlaktoptan.com.tr\/index.php\/wp-json\/wp\/v2\/product\/1675","targetHints":{"allow":["GET"]}}],"collection":[{"href":"https:\/\/www.sefaparlaktoptan.com.tr\/index.php\/wp-json\/wp\/v2\/product"}],"about":[{"href":"https:\/\/www.sefaparlaktoptan.com.tr\/index.php\/wp-json\/wp\/v2\/types\/product"}],"replies":[{"embeddable":true,"href":"https:\/\/www.sefaparlaktoptan.com.tr\/index.php\/wp-json\/wp\/v2\/comments?post=1675"}],"wp:featuredmedia":[{"embeddable":true,"href":"https:\/\/www.sefaparlaktoptan.com.tr\/index.php\/wp-json\/wp\/v2\/media\/1676"}],"wp:attachment":[{"href":"https:\/\/www.sefaparlaktoptan.com.tr\/index.php\/wp-json\/wp\/v2\/media?parent=1675"}],"wp:term":[{"taxonomy":"product_brand","embeddable":true,"href":"https:\/\/www.sefaparlaktoptan.com.tr\/index.php\/wp-json\/wp\/v2\/product_brand?post=1675"},{"taxonomy":"product_cat","embeddable":true,"href":"https:\/\/www.sefaparlaktoptan.com.tr\/index.php\/wp-json\/wp\/v2\/product_cat?post=1675"},{"taxonomy":"product_tag","embeddable":true,"href":"https:\/\/www.sefaparlaktoptan.com.tr\/index.php\/wp-json\/wp\/v2\/product_tag?post=1675"}],"curies":[{"name":"wp","href":"https:\/\/api.w.org\/{rel}","templated":true}]}}