{"id":1708,"date":"2026-02-07T13:41:15","date_gmt":"2026-02-07T10:41:15","guid":{"rendered":"https:\/\/www.sefaparlaktoptan.com.tr\/?post_type=product&#038;p=1708"},"modified":"2026-04-16T15:55:32","modified_gmt":"2026-04-16T12:55:32","slug":"gt-90-joystick","status":"publish","type":"product","link":"https:\/\/www.sefaparlaktoptan.com.tr\/index.php\/product\/gt-90-joystick\/","title":{"rendered":"GT-90 JOYST\u0130CK"},"content":{"rendered":"<ul>\n<li><span dir=\"auto\">\u00c7ift motorlu titre\u015fim<\/span><\/li>\n<li><span dir=\"auto\">Dokunmatik panel kontrol\u00fc<\/span><\/li>\n<li><span dir=\"auto\">3,5 mm mikrofon fonksiyonlu giri\u015f<\/span><\/li>\n<li><span dir=\"auto\">Tek MR\/ML makro tu\u015flar\u0131<\/span><\/li>\n<li><span dir=\"auto\">PS4\/IOS\/Windows\/Android sistemleriyle uyumludur.<\/span><\/li>\n<\/ul>\n","protected":false},"excerpt":{"rendered":"<p>\u00c7ift motorlu titre\u015fim Dokunmatik panel kontrol\u00fc 3,5 mm mikrofon fonksiyonlu giri\u015f Tek MR\/ML makro tu\u015flar\u0131 PS4\/IOS\/Windows\/Android sistemleriyle uyumludur.<\/p>\n","protected":false},"featured_media":1709,"comment_status":"open","ping_status":"closed","template":"","meta":[],"product_brand":[],"product_cat":[93],"product_tag":[],"class_list":{"0":"post-1708","1":"product","2":"type-product","3":"status-publish","4":"has-post-thumbnail","6":"product_cat-tum-urunler","8":"first","9":"instock","10":"taxable","11":"shipping-taxable","12":"purchasable","13":"product-type-simple"},"jetpack_sharing_enabled":true,"_links":{"self":[{"href":"https:\/\/www.sefaparlaktoptan.com.tr\/index.php\/wp-json\/wp\/v2\/product\/1708","targetHints":{"allow":["GET"]}}],"collection":[{"href":"https:\/\/www.sefaparlaktoptan.com.tr\/index.php\/wp-json\/wp\/v2\/product"}],"about":[{"href":"https:\/\/www.sefaparlaktoptan.com.tr\/index.php\/wp-json\/wp\/v2\/types\/product"}],"replies":[{"embeddable":true,"href":"https:\/\/www.sefaparlaktoptan.com.tr\/index.php\/wp-json\/wp\/v2\/comments?post=1708"}],"wp:featuredmedia":[{"embeddable":true,"href":"https:\/\/www.sefaparlaktoptan.com.tr\/index.php\/wp-json\/wp\/v2\/media\/1709"}],"wp:attachment":[{"href":"https:\/\/www.sefaparlaktoptan.com.tr\/index.php\/wp-json\/wp\/v2\/media?parent=1708"}],"wp:term":[{"taxonomy":"product_brand","embeddable":true,"href":"https:\/\/www.sefaparlaktoptan.com.tr\/index.php\/wp-json\/wp\/v2\/product_brand?post=1708"},{"taxonomy":"product_cat","embeddable":true,"href":"https:\/\/www.sefaparlaktoptan.com.tr\/index.php\/wp-json\/wp\/v2\/product_cat?post=1708"},{"taxonomy":"product_tag","embeddable":true,"href":"https:\/\/www.sefaparlaktoptan.com.tr\/index.php\/wp-json\/wp\/v2\/product_tag?post=1708"}],"curies":[{"name":"wp","href":"https:\/\/api.w.org\/{rel}","templated":true}]}}