{"id":1710,"date":"2026-02-07T13:42:34","date_gmt":"2026-02-07T10:42:34","guid":{"rendered":"https:\/\/www.sefaparlaktoptan.com.tr\/?post_type=product&#038;p=1710"},"modified":"2026-04-16T15:55:17","modified_gmt":"2026-04-16T12:55:17","slug":"gt-019-joystick","status":"publish","type":"product","link":"https:\/\/www.sefaparlaktoptan.com.tr\/index.php\/product\/gt-019-joystick\/","title":{"rendered":"GT-019 JOYST\u0130CK"},"content":{"rendered":"<ul>\n<li><span dir=\"auto\">Daha fazla uyumluluk i\u00e7in \u00e7ift mod: X giri\u015fi ve D giri\u015fi<\/span><\/li>\n<li><span dir=\"auto\">Xbox konumland\u0131rmal\u0131 analog mini joystickler<\/span><\/li>\n<li><span dir=\"auto\">\u00c7ift tetikleyiciler ve analog tamponlar<\/span><\/li>\n<li><span dir=\"auto\">Titre\u015fim geri bildirimi i\u00e7in \u00e7ift motor<\/span><\/li>\n<li><span dir=\"auto\">3D joystick*2 + d\u00f6rt y\u00f6nl\u00fc d\u00fc\u011fme<\/span><\/li>\n<\/ul>\n","protected":false},"excerpt":{"rendered":"<p>Daha fazla uyumluluk i\u00e7in \u00e7ift mod: X giri\u015fi ve D giri\u015fi Xbox konumland\u0131rmal\u0131 analog mini joystickler \u00c7ift tetikleyiciler ve analog tamponlar Titre\u015fim geri bildirimi i\u00e7in \u00e7ift motor 3D joystick*2 + d\u00f6rt y\u00f6nl\u00fc d\u00fc\u011fme<\/p>\n","protected":false},"featured_media":1711,"comment_status":"open","ping_status":"closed","template":"","meta":[],"product_brand":[],"product_cat":[93],"product_tag":[],"class_list":{"0":"post-1710","1":"product","2":"type-product","3":"status-publish","4":"has-post-thumbnail","6":"product_cat-tum-urunler","8":"first","9":"instock","10":"taxable","11":"shipping-taxable","12":"purchasable","13":"product-type-simple"},"jetpack_sharing_enabled":true,"_links":{"self":[{"href":"https:\/\/www.sefaparlaktoptan.com.tr\/index.php\/wp-json\/wp\/v2\/product\/1710","targetHints":{"allow":["GET"]}}],"collection":[{"href":"https:\/\/www.sefaparlaktoptan.com.tr\/index.php\/wp-json\/wp\/v2\/product"}],"about":[{"href":"https:\/\/www.sefaparlaktoptan.com.tr\/index.php\/wp-json\/wp\/v2\/types\/product"}],"replies":[{"embeddable":true,"href":"https:\/\/www.sefaparlaktoptan.com.tr\/index.php\/wp-json\/wp\/v2\/comments?post=1710"}],"wp:featuredmedia":[{"embeddable":true,"href":"https:\/\/www.sefaparlaktoptan.com.tr\/index.php\/wp-json\/wp\/v2\/media\/1711"}],"wp:attachment":[{"href":"https:\/\/www.sefaparlaktoptan.com.tr\/index.php\/wp-json\/wp\/v2\/media?parent=1710"}],"wp:term":[{"taxonomy":"product_brand","embeddable":true,"href":"https:\/\/www.sefaparlaktoptan.com.tr\/index.php\/wp-json\/wp\/v2\/product_brand?post=1710"},{"taxonomy":"product_cat","embeddable":true,"href":"https:\/\/www.sefaparlaktoptan.com.tr\/index.php\/wp-json\/wp\/v2\/product_cat?post=1710"},{"taxonomy":"product_tag","embeddable":true,"href":"https:\/\/www.sefaparlaktoptan.com.tr\/index.php\/wp-json\/wp\/v2\/product_tag?post=1710"}],"curies":[{"name":"wp","href":"https:\/\/api.w.org\/{rel}","templated":true}]}}