{"id":1766,"date":"2026-02-09T11:06:38","date_gmt":"2026-02-09T08:06:38","guid":{"rendered":"https:\/\/www.sefaparlaktoptan.com.tr\/?post_type=product&#038;p=1766"},"modified":"2026-04-16T14:54:48","modified_gmt":"2026-04-16T11:54:48","slug":"jabra-evolve-20-duo-operator-kulakligi","status":"publish","type":"product","link":"https:\/\/www.sefaparlaktoptan.com.tr\/index.php\/product\/jabra-evolve-20-duo-operator-kulakligi\/","title":{"rendered":"Jabra Evolve 20 Duo Operat\u00f6r Kulakl\u0131\u011f\u0131"},"content":{"rendered":"<p>G\u00fcr\u00fclt\u00fc \u00f6nleyici mikrofonlu \u00e7ift tarafl\u0131 kablolu kulakl\u0131k<\/p>\n<p>Yaz\u0131l\u0131m tabanl\u0131 telefonlar i\u00e7in USB-C ba\u011flant\u0131<\/p>\n<p>Sesli ileti\u015fim ve m\u00fczik i\u00e7in geli\u015ftirilmi\u015f birinci s\u0131n\u0131f hoparl\u00f6rler<\/p>\n<p>Hafif ve ergonomik yap\u0131, yumu\u015fak k\u00f6p\u00fck kulak yast\u0131klar\u0131 Birle\u015fik \u0130leti\u015fim (UC) \u00a0platformlar\u0131 i\u00e7in tak \u00e7al\u0131\u015ft\u0131r \u00f6zelli\u011fi<\/p>\n<p>G\u00fcr\u00fclt\u00fc \u00f6nleyici mikrofonlu \u00e7ift tarafl\u0131 kablolu kulakl\u0131k<\/p>\n<p>Yaz\u0131l\u0131m tabanl\u0131 telefonlar i\u00e7in USB-C ba\u011flant\u0131<\/p>\n<p>Sesli ileti\u015fim ve m\u00fczik i\u00e7in geli\u015ftirilmi\u015f birinci s\u0131n\u0131f hoparl\u00f6rler<\/p>\n<p>Hafif ve ergonomik yap\u0131, yumu\u015fak k\u00f6p\u00fck kulak yast\u0131klar\u0131 Birle\u015fik \u0130leti\u015fim (UC) \u00a0platformlar\u0131 i\u00e7in tak \u00e7al\u0131\u015ft\u0131r \u00f6zelli\u011fi<\/p>\n","protected":false},"excerpt":{"rendered":"<p>G\u00fcr\u00fclt\u00fc \u00f6nleyici mikrofonlu \u00e7ift tarafl\u0131 kablolu kulakl\u0131k Yaz\u0131l\u0131m tabanl\u0131 telefonlar i\u00e7in USB-C ba\u011flant\u0131 Sesli ileti\u015fim ve m\u00fczik i\u00e7in geli\u015ftirilmi\u015f birinci s\u0131n\u0131f hoparl\u00f6rler Hafif ve ergonomik yap\u0131, yumu\u015fak k\u00f6p\u00fck kulak yast\u0131klar\u0131 Birle\u015fik \u0130leti\u015fim (UC) \u00a0platformlar\u0131 i\u00e7in tak \u00e7al\u0131\u015ft\u0131r \u00f6zelli\u011fi G\u00fcr\u00fclt\u00fc \u00f6nleyici mikrofonlu \u00e7ift tarafl\u0131 kablolu kulakl\u0131k Yaz\u0131l\u0131m tabanl\u0131 telefonlar i\u00e7in USB-C ba\u011flant\u0131 Sesli ileti\u015fim ve m\u00fczik [&hellip;]<\/p>\n","protected":false},"featured_media":1767,"comment_status":"open","ping_status":"closed","template":"","meta":[],"product_brand":[],"product_cat":[90,93],"product_tag":[],"class_list":{"0":"post-1766","1":"product","2":"type-product","3":"status-publish","4":"has-post-thumbnail","6":"product_cat-kulaklik","7":"product_cat-tum-urunler","9":"first","10":"instock","11":"taxable","12":"shipping-taxable","13":"purchasable","14":"product-type-simple"},"jetpack_sharing_enabled":true,"_links":{"self":[{"href":"https:\/\/www.sefaparlaktoptan.com.tr\/index.php\/wp-json\/wp\/v2\/product\/1766","targetHints":{"allow":["GET"]}}],"collection":[{"href":"https:\/\/www.sefaparlaktoptan.com.tr\/index.php\/wp-json\/wp\/v2\/product"}],"about":[{"href":"https:\/\/www.sefaparlaktoptan.com.tr\/index.php\/wp-json\/wp\/v2\/types\/product"}],"replies":[{"embeddable":true,"href":"https:\/\/www.sefaparlaktoptan.com.tr\/index.php\/wp-json\/wp\/v2\/comments?post=1766"}],"wp:featuredmedia":[{"embeddable":true,"href":"https:\/\/www.sefaparlaktoptan.com.tr\/index.php\/wp-json\/wp\/v2\/media\/1767"}],"wp:attachment":[{"href":"https:\/\/www.sefaparlaktoptan.com.tr\/index.php\/wp-json\/wp\/v2\/media?parent=1766"}],"wp:term":[{"taxonomy":"product_brand","embeddable":true,"href":"https:\/\/www.sefaparlaktoptan.com.tr\/index.php\/wp-json\/wp\/v2\/product_brand?post=1766"},{"taxonomy":"product_cat","embeddable":true,"href":"https:\/\/www.sefaparlaktoptan.com.tr\/index.php\/wp-json\/wp\/v2\/product_cat?post=1766"},{"taxonomy":"product_tag","embeddable":true,"href":"https:\/\/www.sefaparlaktoptan.com.tr\/index.php\/wp-json\/wp\/v2\/product_tag?post=1766"}],"curies":[{"name":"wp","href":"https:\/\/api.w.org\/{rel}","templated":true}]}}