{"id":1806,"date":"2026-02-09T12:54:21","date_gmt":"2026-02-09T09:54:21","guid":{"rendered":"https:\/\/www.sefaparlaktoptan.com.tr\/?post_type=product&#038;p=1806"},"modified":"2026-02-18T13:47:05","modified_gmt":"2026-02-18T10:47:05","slug":"siyah-sf2902b-aargb-850w-80-bronze-moduler-pw-360mm-sivi-sogutma-sigabilen-gaming-kasa","status":"publish","type":"product","link":"https:\/\/www.sefaparlaktoptan.com.tr\/index.php\/product\/siyah-sf2902b-aargb-850w-80-bronze-moduler-pw-360mm-sivi-sogutma-sigabilen-gaming-kasa\/","title":{"rendered":"S\u0130YAH SF2902B AARGB  850W 80+ BRONZE  MOD\u00dcLER PW  360MM SIVI SO\u011eUTMA SIGAB\u0130LEN GAM\u0130NG KASA"},"content":{"rendered":"","protected":false},"excerpt":{"rendered":"","protected":false},"featured_media":1807,"comment_status":"open","ping_status":"closed","template":"","meta":[],"product_brand":[],"product_cat":[86,93],"product_tag":[],"class_list":{"0":"post-1806","1":"product","2":"type-product","3":"status-publish","4":"has-post-thumbnail","6":"product_cat-gaming-kasalar","7":"product_cat-tum-urunler","9":"first","10":"instock","11":"taxable","12":"shipping-taxable","13":"purchasable","14":"product-type-simple"},"jetpack_sharing_enabled":true,"_links":{"self":[{"href":"https:\/\/www.sefaparlaktoptan.com.tr\/index.php\/wp-json\/wp\/v2\/product\/1806","targetHints":{"allow":["GET"]}}],"collection":[{"href":"https:\/\/www.sefaparlaktoptan.com.tr\/index.php\/wp-json\/wp\/v2\/product"}],"about":[{"href":"https:\/\/www.sefaparlaktoptan.com.tr\/index.php\/wp-json\/wp\/v2\/types\/product"}],"replies":[{"embeddable":true,"href":"https:\/\/www.sefaparlaktoptan.com.tr\/index.php\/wp-json\/wp\/v2\/comments?post=1806"}],"wp:featuredmedia":[{"embeddable":true,"href":"https:\/\/www.sefaparlaktoptan.com.tr\/index.php\/wp-json\/wp\/v2\/media\/1807"}],"wp:attachment":[{"href":"https:\/\/www.sefaparlaktoptan.com.tr\/index.php\/wp-json\/wp\/v2\/media?parent=1806"}],"wp:term":[{"taxonomy":"product_brand","embeddable":true,"href":"https:\/\/www.sefaparlaktoptan.com.tr\/index.php\/wp-json\/wp\/v2\/product_brand?post=1806"},{"taxonomy":"product_cat","embeddable":true,"href":"https:\/\/www.sefaparlaktoptan.com.tr\/index.php\/wp-json\/wp\/v2\/product_cat?post=1806"},{"taxonomy":"product_tag","embeddable":true,"href":"https:\/\/www.sefaparlaktoptan.com.tr\/index.php\/wp-json\/wp\/v2\/product_tag?post=1806"}],"curies":[{"name":"wp","href":"https:\/\/api.w.org\/{rel}","templated":true}]}}