{"id":1978,"date":"2026-02-10T22:00:21","date_gmt":"2026-02-10T19:00:21","guid":{"rendered":"https:\/\/www.sefaparlaktoptan.com.tr\/?post_type=product&#038;p=1978"},"modified":"2026-02-18T13:33:54","modified_gmt":"2026-02-18T10:33:54","slug":"samsung-note-10-1-gt8000kalemli","status":"publish","type":"product","link":"https:\/\/www.sefaparlaktoptan.com.tr\/index.php\/product\/samsung-note-10-1-gt8000kalemli\/","title":{"rendered":"SAMSUNG NOTE 10.1&#8243; GT8000(KALEML\u0130)"},"content":{"rendered":"<p>SAMSUNG NOTE 10.1&#8243; GT8000(KALEML\u0130)<\/p>\n<p>SD KART VE S\u0130M KART DESTE\u011e\u0130 MEVCUT<\/p>\n<p>16 HAFIZA 2 GB RAM<br \/>\n(4 \u00c7EK\u0130RDEK)<\/p>\n<p>V.12ATILMI\u015eTIR.<br \/>\nYOUTUBE SORUNSUZ A\u00c7IYOR<br \/>\nDATA KABLOSU MEVCUT<br \/>\nADAPT\u00d6R MEVCUT<\/p>\n","protected":false},"excerpt":{"rendered":"<p>SAMSUNG NOTE 10.1&#8243; GT8000(KALEML\u0130) SD KART VE S\u0130M KART DESTE\u011e\u0130 MEVCUT 16 HAFIZA 2 GB RAM (4 \u00c7EK\u0130RDEK) V.12ATILMI\u015eTIR. YOUTUBE SORUNSUZ A\u00c7IYOR DATA KABLOSU MEVCUT ADAPT\u00d6R MEVCUT<\/p>\n","protected":false},"featured_media":1979,"comment_status":"open","ping_status":"closed","template":"","meta":[],"product_brand":[],"product_cat":[92,93],"product_tag":[],"class_list":{"0":"post-1978","1":"product","2":"type-product","3":"status-publish","4":"has-post-thumbnail","6":"product_cat-tabletnotebookhazir-kasa","7":"product_cat-tum-urunler","9":"first","10":"instock","11":"taxable","12":"shipping-taxable","13":"purchasable","14":"product-type-simple"},"jetpack_sharing_enabled":true,"_links":{"self":[{"href":"https:\/\/www.sefaparlaktoptan.com.tr\/index.php\/wp-json\/wp\/v2\/product\/1978","targetHints":{"allow":["GET"]}}],"collection":[{"href":"https:\/\/www.sefaparlaktoptan.com.tr\/index.php\/wp-json\/wp\/v2\/product"}],"about":[{"href":"https:\/\/www.sefaparlaktoptan.com.tr\/index.php\/wp-json\/wp\/v2\/types\/product"}],"replies":[{"embeddable":true,"href":"https:\/\/www.sefaparlaktoptan.com.tr\/index.php\/wp-json\/wp\/v2\/comments?post=1978"}],"wp:featuredmedia":[{"embeddable":true,"href":"https:\/\/www.sefaparlaktoptan.com.tr\/index.php\/wp-json\/wp\/v2\/media\/1979"}],"wp:attachment":[{"href":"https:\/\/www.sefaparlaktoptan.com.tr\/index.php\/wp-json\/wp\/v2\/media?parent=1978"}],"wp:term":[{"taxonomy":"product_brand","embeddable":true,"href":"https:\/\/www.sefaparlaktoptan.com.tr\/index.php\/wp-json\/wp\/v2\/product_brand?post=1978"},{"taxonomy":"product_cat","embeddable":true,"href":"https:\/\/www.sefaparlaktoptan.com.tr\/index.php\/wp-json\/wp\/v2\/product_cat?post=1978"},{"taxonomy":"product_tag","embeddable":true,"href":"https:\/\/www.sefaparlaktoptan.com.tr\/index.php\/wp-json\/wp\/v2\/product_tag?post=1978"}],"curies":[{"name":"wp","href":"https:\/\/api.w.org\/{rel}","templated":true}]}}