{"id":2033,"date":"2026-02-11T14:38:10","date_gmt":"2026-02-11T11:38:10","guid":{"rendered":"https:\/\/www.sefaparlaktoptan.com.tr\/?post_type=product&#038;p=2033"},"modified":"2026-02-18T13:22:45","modified_gmt":"2026-02-18T10:22:45","slug":"g390-kablosuz-gaming-mouse-sarjli-1600-dpi-sessiz-rgb-siyah","status":"publish","type":"product","link":"https:\/\/www.sefaparlaktoptan.com.tr\/index.php\/product\/g390-kablosuz-gaming-mouse-sarjli-1600-dpi-sessiz-rgb-siyah\/","title":{"rendered":"G390 Kablosuz Gaming Mouse \u015earjl\u0131 1600 DPI Sessiz RGB S\u0130YAH"},"content":{"rendered":"","protected":false},"excerpt":{"rendered":"","protected":false},"featured_media":2034,"comment_status":"open","ping_status":"closed","template":"","meta":[],"product_brand":[],"product_cat":[89,93],"product_tag":[],"class_list":{"0":"post-2033","1":"product","2":"type-product","3":"status-publish","4":"has-post-thumbnail","6":"product_cat-klavye-ve-mouse","7":"product_cat-tum-urunler","9":"first","10":"instock","11":"taxable","12":"shipping-taxable","13":"purchasable","14":"product-type-simple"},"jetpack_sharing_enabled":true,"_links":{"self":[{"href":"https:\/\/www.sefaparlaktoptan.com.tr\/index.php\/wp-json\/wp\/v2\/product\/2033","targetHints":{"allow":["GET"]}}],"collection":[{"href":"https:\/\/www.sefaparlaktoptan.com.tr\/index.php\/wp-json\/wp\/v2\/product"}],"about":[{"href":"https:\/\/www.sefaparlaktoptan.com.tr\/index.php\/wp-json\/wp\/v2\/types\/product"}],"replies":[{"embeddable":true,"href":"https:\/\/www.sefaparlaktoptan.com.tr\/index.php\/wp-json\/wp\/v2\/comments?post=2033"}],"wp:featuredmedia":[{"embeddable":true,"href":"https:\/\/www.sefaparlaktoptan.com.tr\/index.php\/wp-json\/wp\/v2\/media\/2034"}],"wp:attachment":[{"href":"https:\/\/www.sefaparlaktoptan.com.tr\/index.php\/wp-json\/wp\/v2\/media?parent=2033"}],"wp:term":[{"taxonomy":"product_brand","embeddable":true,"href":"https:\/\/www.sefaparlaktoptan.com.tr\/index.php\/wp-json\/wp\/v2\/product_brand?post=2033"},{"taxonomy":"product_cat","embeddable":true,"href":"https:\/\/www.sefaparlaktoptan.com.tr\/index.php\/wp-json\/wp\/v2\/product_cat?post=2033"},{"taxonomy":"product_tag","embeddable":true,"href":"https:\/\/www.sefaparlaktoptan.com.tr\/index.php\/wp-json\/wp\/v2\/product_tag?post=2033"}],"curies":[{"name":"wp","href":"https:\/\/api.w.org\/{rel}","templated":true}]}}